{"id":536,"date":"2017-09-19T18:56:54","date_gmt":"2017-09-19T17:56:54","guid":{"rendered":"http:\/\/www.unrp-sites.com\/F10A\/?page_id=536"},"modified":"2022-03-10T07:21:57","modified_gmt":"2022-03-10T09:21:57","slug":"la-charte","status":"publish","type":"page","link":"http:\/\/www.unrp-sites.com\/F10A\/la-charte\/","title":{"rendered":"La Charte"},"content":{"rendered":"<div id=\"art-main\">\n<div class=\"art-Sheet\">\n<div class=\"art-Sheet-body\">\n<div class=\"art-contentLayout\">\n<div class=\"art-content\">\n<div class=\"art-Post\">\n<div class=\"art-Post-body\">\n<div class=\"art-Post-inner art-article\">\n<div class=\"art-PostContent\">\n<p><span style=\"font-family: arial, helvetica, sans-serif; font-size: 24px;\">Nous attirons l\u2019attention de tous, que ce site n\u2019est pas un d\u00e9potoir. Tout propos politique, injurieux, diffamant, raciste, ou mettant en cause la dignit\u00e9 humaine sera imm\u00e9diatement effac\u00e9, et son auteur sera exclu du site.<\/span><\/p>\n<p><span style=\"font-family: arial, helvetica, sans-serif; font-size: 24px;\">Tous les articles apparaissant sur le blog peuvent faire l\u2019objet de commentaires. Certains sont bloqu\u00e9s car l\u2019article repr\u00e9sente une information \u00e9tablie, o\u00f9 il n\u2019est pas n\u00e9cessaire d\u2019y r\u00e9pondre.<br \/>\nLes personnes faisant un commentaire devront indiquer leur adresse e:mail, mais celle-ci n\u2019appara\u00eetra pas dans le texte du commentaire.<\/span><\/p>\n<p><span style=\"font-family: arial, helvetica, sans-serif; font-size: 24px;\">Pour ceux qui d\u00e9sirent \u00e9crire un article entier, ils se signaleront au mod\u00e9rateur qui fera le n\u00e9cessaire en leur envoyant un login et un mot de passe.<\/span><\/p>\n<p><span style=\"font-family: arial, helvetica, sans-serif; font-size: 24px;\">Merci de votre attention,<\/span><\/p>\n<\/div>\n<\/div>\n<\/div>\n<\/div>\n<\/div>\n<\/div>\n<\/div>\n<\/div>\n<\/div>\n<p><span style=\"font-family: arial,helvetica,sans-serif;\">\u00a0<\/span><\/p>\n","protected":false},"excerpt":{"rendered":"<p>Nous attirons l\u2019attention de tous, que ce site n\u2019est pas un d\u00e9potoir. Tout propos politique, injurieux, diffamant, raciste, ou mettant en cause la dignit\u00e9 humaine sera imm\u00e9diatement effac\u00e9, et son auteur sera exclu du site. Tous les articles apparaissant sur le blog peuvent faire l\u2019objet de commentaires. Certains sont bloqu\u00e9s car l\u2019article repr\u00e9sente une information [&hellip;]<\/p>\n","protected":false},"author":1,"featured_media":0,"parent":0,"menu_order":7,"comment_status":"closed","ping_status":"closed","template":"","meta":{"footnotes":""},"class_list":["post-536","page","type-page","status-publish","hentry"],"_links":{"self":[{"href":"http:\/\/www.unrp-sites.com\/F10A\/wp-json\/wp\/v2\/pages\/536","targetHints":{"allow":["GET"]}}],"collection":[{"href":"http:\/\/www.unrp-sites.com\/F10A\/wp-json\/wp\/v2\/pages"}],"about":[{"href":"http:\/\/www.unrp-sites.com\/F10A\/wp-json\/wp\/v2\/types\/page"}],"author":[{"embeddable":true,"href":"http:\/\/www.unrp-sites.com\/F10A\/wp-json\/wp\/v2\/users\/1"}],"replies":[{"embeddable":true,"href":"http:\/\/www.unrp-sites.com\/F10A\/wp-json\/wp\/v2\/comments?post=536"}],"version-history":[{"count":1,"href":"http:\/\/www.unrp-sites.com\/F10A\/wp-json\/wp\/v2\/pages\/536\/revisions"}],"predecessor-version":[{"id":1230,"href":"http:\/\/www.unrp-sites.com\/F10A\/wp-json\/wp\/v2\/pages\/536\/revisions\/1230"}],"wp:attachment":[{"href":"http:\/\/www.unrp-sites.com\/F10A\/wp-json\/wp\/v2\/media?parent=536"}],"curies":[{"name":"wp","href":"https:\/\/api.w.org\/{rel}","templated":true}]}}