{"id":77,"date":"2022-02-13T18:59:32","date_gmt":"2022-02-13T17:59:32","guid":{"rendered":"http:\/\/www.unrp-sites.com\/62\/?page_id=77"},"modified":"2022-11-29T08:38:39","modified_gmt":"2022-11-29T07:38:39","slug":"le-bureau","status":"publish","type":"page","link":"http:\/\/www.unrp-sites.com\/62\/le-bureau\/","title":{"rendered":"Le Bureau"},"content":{"rendered":"<div class=\"art-PostContent\">\n<p style=\"text-align: center;\"><span style=\"font-family: arial, helvetica, sans-serif; font-size: 18pt;\">Le Bureau<\/span><\/p>\n<p><span style=\"font-family: arial, helvetica, sans-serif; font-size: 14pt;\">Le pr\u00e9sident : Jean Paul GRINGOIRE<\/span><\/p>\n<p><span style=\"font-family: arial, helvetica, sans-serif; font-size: 14pt;\">e:mail : <a href=\"mailto:jeanpaul.gringoire@sfr.fr\">jeanpaul.gringoire@sfr.fr<\/a><\/span><\/p>\n<p><span style=\"font-family: arial, helvetica, sans-serif; font-size: 14pt;\">T\u00e9l : 06 09 81 55 08<\/span><\/p>\n<hr \/>\n<p><span style=\"font-family: arial, helvetica, sans-serif; font-size: 14pt;\">Le tr\u00e9sorier\u00a0 :\u00a0 Serge HOCHART<\/span><\/p>\n<p><span style=\"font-family: arial, helvetica, sans-serif; font-size: 14pt;\">e:mail : <a href=\"mailto:serge0790@orange.fr\">serge0790@orange.fr<\/a><\/span><\/p>\n<hr \/>\n<p><span style=\"font-family: arial, helvetica, sans-serif; font-size: 14pt;\">Le tr\u00e9sorier adjoint : Henri HANAS<\/span><\/p>\n<p><span style=\"font-family: arial, helvetica, sans-serif; font-size: 14pt;\">e:mail\u00a0 : <a href=\"mailto:cocoetbacoco@free.fr\">cocoetbacoco@free.fr<\/a><\/span><\/p>\n<hr \/>\n<p><span style=\"font-family: arial, helvetica, sans-serif; font-size: 14pt;\">Le secr\u00e9taire\u00a0\u00a0\u00a0\u00a0\u00a0\u00a0\u00a0 : <\/span><\/p>\n<p><span style=\"font-family: arial, helvetica, sans-serif; font-size: 14pt;\">e:mail \u00a0 \u00a0 \u00a0 \u00a0 \u00a0 \u00a0 \u00a0 \u00a0 \u00a0 : <\/span><\/p>\n<p><span style=\"font-family: arial, helvetica, sans-serif; font-size: 14pt;\">T\u00e9l\u00a0\u00a0\u00a0\u00a0\u00a0\u00a0\u00a0\u00a0\u00a0\u00a0\u00a0\u00a0\u00a0\u00a0\u00a0\u00a0\u00a0\u00a0\u00a0\u00a0\u00a0\u00a0\u00a0 :<br \/>\n<\/span><\/p>\n<hr \/>\n<p><span style=\"font-family: arial, helvetica, sans-serif; font-size: 14pt;\">Le secr\u00e9taire adjoint : Patrick VECHE <\/span><\/p>\n<p><span style=\"font-family: arial, helvetica, sans-serif; font-size: 14pt;\">e:mail : <a href=\"mailto:veche.patrick@neuf.fr\">veche.patrick@neuf.fr<\/a><\/span><\/p>\n<hr \/>\n<p><span style=\"font-family: arial, helvetica, sans-serif; font-size: 14pt;\"><u>Conseil d\u2019administration<br \/>\n<\/u><\/span><\/p>\n<p><span style=\"font-family: arial, helvetica, sans-serif; font-size: 14pt;\">Michel CAUCHY<\/span><\/p>\n<p><span style=\"font-family: arial, helvetica, sans-serif; font-size: 14pt;\">Bruno CIESLIEWCIZ<\/span><\/p>\n<p><span style=\"font-family: arial, helvetica, sans-serif; font-size: 14pt;\">Jean Michel DENEUVILLE<\/span><\/p>\n<p><span style=\"font-family: arial, helvetica, sans-serif; font-size: 14pt;\">Edmond HAELEWYN<\/span><\/p>\n<p><span style=\"font-family: arial, helvetica, sans-serif; font-size: 14pt;\">Jacques LESTIENNE<\/span><\/p>\n<p><span style=\"font-family: arial, helvetica, sans-serif; font-size: 14pt;\">Bernard MUSIELINSKI<\/span><\/p>\n<p><span style=\"font-family: arial, helvetica, sans-serif; font-size: 14pt; color: #0000ff; background-color: #ffff00;\">Marcel OUVRY<\/span><\/p>\n<p><span style=\"font-family: arial, helvetica, sans-serif; font-size: 14pt;\">Jean Luc SAINT MAXENT<\/span><\/p>\n<p><span style=\"font-family: arial, helvetica, sans-serif; font-size: 14pt;\">Daniel TOMCZAK<\/span><\/p>\n<p><span style=\"font-family: arial, helvetica, sans-serif; font-size: 14pt;\">Mich\u00e8le WEBER<\/span><\/p>\n<hr \/>\n<p><span style=\"font-family: arial, helvetica, sans-serif; font-size: 14pt;\">Commissaires aux comptes<\/span><\/p>\n<p><span style=\"font-family: arial, helvetica, sans-serif; font-size: 14pt;\">Carmen VECHE<\/span><\/p>\n<p><span style=\"font-family: arial, helvetica, sans-serif; font-size: 14pt;\">Mich\u00e8le DENEUX<\/span><\/p>\n<hr \/>\n<p>&nbsp;<\/p>\n<\/div>\n","protected":false},"excerpt":{"rendered":"<p>Le Bureau Le pr\u00e9sident : Jean Paul GRINGOIRE e:mail : jeanpaul.gringoire@sfr.fr T\u00e9l : 06 09 81 55 08 Le tr\u00e9sorier\u00a0 :\u00a0 Serge HOCHART e:mail : serge0790@orange.fr Le tr\u00e9sorier adjoint : Henri HANAS e:mail\u00a0 : cocoetbacoco@free.fr Le secr\u00e9taire\u00a0\u00a0\u00a0\u00a0\u00a0\u00a0\u00a0 : e:mail \u00a0 \u00a0 \u00a0 \u00a0 \u00a0 \u00a0 \u00a0 \u00a0 \u00a0 : T\u00e9l\u00a0\u00a0\u00a0\u00a0\u00a0\u00a0\u00a0\u00a0\u00a0\u00a0\u00a0\u00a0\u00a0\u00a0\u00a0\u00a0\u00a0\u00a0\u00a0\u00a0\u00a0\u00a0\u00a0 : Le secr\u00e9taire adjoint : [&hellip;]<\/p>\n","protected":false},"author":1,"featured_media":0,"parent":0,"menu_order":3,"comment_status":"closed","ping_status":"closed","template":"","meta":{"footnotes":""},"class_list":["post-77","page","type-page","status-publish","hentry"],"_links":{"self":[{"href":"http:\/\/www.unrp-sites.com\/62\/wp-json\/wp\/v2\/pages\/77","targetHints":{"allow":["GET"]}}],"collection":[{"href":"http:\/\/www.unrp-sites.com\/62\/wp-json\/wp\/v2\/pages"}],"about":[{"href":"http:\/\/www.unrp-sites.com\/62\/wp-json\/wp\/v2\/types\/page"}],"author":[{"embeddable":true,"href":"http:\/\/www.unrp-sites.com\/62\/wp-json\/wp\/v2\/users\/1"}],"replies":[{"embeddable":true,"href":"http:\/\/www.unrp-sites.com\/62\/wp-json\/wp\/v2\/comments?post=77"}],"version-history":[{"count":6,"href":"http:\/\/www.unrp-sites.com\/62\/wp-json\/wp\/v2\/pages\/77\/revisions"}],"predecessor-version":[{"id":130,"href":"http:\/\/www.unrp-sites.com\/62\/wp-json\/wp\/v2\/pages\/77\/revisions\/130"}],"wp:attachment":[{"href":"http:\/\/www.unrp-sites.com\/62\/wp-json\/wp\/v2\/media?parent=77"}],"curies":[{"name":"wp","href":"https:\/\/api.w.org\/{rel}","templated":true}]}}